{"id":26409,"date":"2022-10-21T17:18:47","date_gmt":"2022-10-21T20:18:47","guid":{"rendered":"https:\/\/catarinapropamarketing.com.br\/?page_id=26409"},"modified":"2022-12-15T13:10:35","modified_gmt":"2022-12-15T16:10:35","slug":"criacaodesites","status":"publish","type":"page","link":"https:\/\/catarinapropamarketing.com.br\/index.php\/criacaodesites\/","title":{"rendered":"Cria\u00e7\u00e3o de Sites"},"content":{"rendered":"\t\t<div data-elementor-type=\"wp-page\" data-elementor-id=\"26409\" class=\"elementor elementor-26409\">\n\t\t\t\t\t\t<div class=\"elementor-inner\">\n\t\t\t\t<div class=\"elementor-section-wrap\">\n\t\t\t\t\t\t\t\t\t<section class=\"elementor-section elementor-top-section elementor-element elementor-element-d6de68b elementor-section-boxed elementor-section-height-default elementor-section-height-default\" data-id=\"d6de68b\" data-element_type=\"section\">\n\t\t\t\t\t\t<div class=\"elementor-container elementor-column-gap-default\">\n\t\t\t\t\t\t\t<div class=\"elementor-row\">\n\t\t\t\t\t<div class=\"elementor-column elementor-col-100 elementor-top-column elementor-element elementor-element-59037c1\" data-id=\"59037c1\" data-element_type=\"column\">\n\t\t\t<div class=\"elementor-column-wrap elementor-element-populated\">\n\t\t\t\t\t\t\t<div class=\"elementor-widget-wrap\">\n\t\t\t\t\t\t<div class=\"elementor-element elementor-element-c609ccd elementor-widget elementor-widget-heading\" data-id=\"c609ccd\" data-element_type=\"widget\" data-widget_type=\"heading.default\">\n\t\t\t\t<div class=\"elementor-widget-container\">\n\t\t\t<h2 class=\"elementor-heading-title elementor-size-default\">Cria\u00e7\u00e3o de Sites<\/h2>\t\t<\/div>\n\t\t\t\t<\/div>\n\t\t\t\t\t\t<\/div>\n\t\t\t\t\t<\/div>\n\t\t<\/div>\n\t\t\t\t\t\t\t\t<\/div>\n\t\t\t\t\t<\/div>\n\t\t<\/section>\n\t\t\t\t<section class=\"elementor-section elementor-top-section elementor-element elementor-element-c8b94a8 elementor-section-boxed elementor-section-height-default elementor-section-height-default\" data-id=\"c8b94a8\" data-element_type=\"section\">\n\t\t\t\t\t\t<div class=\"elementor-container elementor-column-gap-default\">\n\t\t\t\t\t\t\t<div class=\"elementor-row\">\n\t\t\t\t\t<div class=\"elementor-column elementor-col-100 elementor-top-column elementor-element elementor-element-922ec02\" data-id=\"922ec02\" data-element_type=\"column\">\n\t\t\t<div class=\"elementor-column-wrap elementor-element-populated\">\n\t\t\t\t\t\t\t<div class=\"elementor-widget-wrap\">\n\t\t\t\t\t\t<div class=\"elementor-element elementor-element-1acbc7d elementor-widget elementor-widget-text-editor\" data-id=\"1acbc7d\" data-element_type=\"widget\" data-widget_type=\"text-editor.default\">\n\t\t\t\t<div class=\"elementor-widget-container\">\n\t\t\t\t\t\t\t\t<div class=\"elementor-text-editor elementor-clearfix\">\n\t\t\t\tEmpresas que n\u00e3o tem um site profissional, hoje em dia, est\u00e3o perdendo poderosas ferramentas de marketing digital. Ter um site \u00e9 primordial para seu neg\u00f3cio conseguir espa\u00e7o no digital. \u00c9 a vitrine da sua marca. Imprescind\u00edvel para quem deseja alavancar a credibilidade e o alcance da empresa.<br>\nIndependentemente de seu empreendimento ser de pequeno, m\u00e9dio ou grande porte, ter uma presen\u00e7a online permite que voc\u00ea ofere\u00e7a seus produtos ou servi\u00e7os sem qualquer limita\u00e7\u00e3o. <br>\nN\u00f3s, da Catarina PropaMarketing te ajudamos a criar seu site profissional, desenvolvendo seu SEO, al\u00e9m de nos preocuparmos em oferecer a melhor experi\u00eancia para o usu\u00e1rio.<br>\nEntre em contato e solicite j\u00e1 seu or\u00e7amento.\t\t\t\t\t<\/div>\n\t\t\t\t\t\t<\/div>\n\t\t\t\t<\/div>\n\t\t\t\t\t\t<\/div>\n\t\t\t\t\t<\/div>\n\t\t<\/div>\n\t\t\t\t\t\t\t\t<\/div>\n\t\t\t\t\t<\/div>\n\t\t<\/section>\n\t\t\t\t<section class=\"elementor-section elementor-top-section elementor-element elementor-element-0f3681e elementor-section-boxed elementor-section-height-default elementor-section-height-default\" data-id=\"0f3681e\" data-element_type=\"section\">\n\t\t\t\t\t\t<div class=\"elementor-container elementor-column-gap-default\">\n\t\t\t\t\t\t\t<div class=\"elementor-row\">\n\t\t\t\t\t<div class=\"elementor-column elementor-col-25 elementor-top-column elementor-element elementor-element-b284028\" data-id=\"b284028\" data-element_type=\"column\">\n\t\t\t<div class=\"elementor-column-wrap elementor-element-populated\">\n\t\t\t\t\t\t\t<div class=\"elementor-widget-wrap\">\n\t\t\t\t\t\t<div class=\"elementor-element elementor-element-d8d61f6 elementor-widget elementor-widget-htmega-scrollimage-addons\" data-id=\"d8d61f6\" data-element_type=\"widget\" data-widget_type=\"htmega-scrollimage-addons.default\">\n\t\t\t\t<div class=\"elementor-widget-container\">\n\t\t\t            <a href=\"https:\/\/jsampaioautocenter.com.br\/\" target=\"_blank\" >\r\n                <div class=\"ht-scroll-image\">\r\n                                        <div class=\"thumb\" style=\"background-image: url(https:\/\/catarinapropamarketing.com.br\/wp-content\/uploads\/2022\/11\/screencapture-jsampaioautocenter-br-2022-09-23-17_04_41-308x1024.png);\" ><\/div>\r\n                <\/div>                        \r\n            <\/a>                    \r\n        \t\t<\/div>\n\t\t\t\t<\/div>\n\t\t\t\t<div class=\"elementor-element elementor-element-95737ab elementor-widget elementor-widget-heading\" data-id=\"95737ab\" data-element_type=\"widget\" data-widget_type=\"heading.default\">\n\t\t\t\t<div class=\"elementor-widget-container\">\n\t\t\t<h4 class=\"elementor-heading-title elementor-size-default\">J Sampaio autocenter<\/h4>\t\t<\/div>\n\t\t\t\t<\/div>\n\t\t\t\t\t\t<\/div>\n\t\t\t\t\t<\/div>\n\t\t<\/div>\n\t\t\t\t<div class=\"elementor-column elementor-col-25 elementor-top-column elementor-element elementor-element-ad74279\" data-id=\"ad74279\" data-element_type=\"column\">\n\t\t\t<div class=\"elementor-column-wrap elementor-element-populated\">\n\t\t\t\t\t\t\t<div class=\"elementor-widget-wrap\">\n\t\t\t\t\t\t<div class=\"elementor-element elementor-element-810a535 elementor-widget elementor-widget-htmega-scrollimage-addons\" data-id=\"810a535\" data-element_type=\"widget\" data-widget_type=\"htmega-scrollimage-addons.default\">\n\t\t\t\t<div class=\"elementor-widget-container\">\n\t\t\t            <a href=\"https:\/\/www.ricamarpneus.com.br\/\" target=\"_blank\" >\r\n                <div class=\"ht-scroll-image\">\r\n                                        <div class=\"thumb\" style=\"background-image: url(https:\/\/catarinapropamarketing.com.br\/wp-content\/uploads\/2022\/12\/screencapture-ricamarpneus-br-2022-09-23-17_10_55-409x1024.png);\" ><\/div>\r\n                <\/div>                        \r\n            <\/a>                    \r\n        \t\t<\/div>\n\t\t\t\t<\/div>\n\t\t\t\t<div class=\"elementor-element elementor-element-90fac02 elementor-widget elementor-widget-heading\" data-id=\"90fac02\" data-element_type=\"widget\" data-widget_type=\"heading.default\">\n\t\t\t\t<div class=\"elementor-widget-container\">\n\t\t\t<h4 class=\"elementor-heading-title elementor-size-default\">Ricamar Pneus<\/h4>\t\t<\/div>\n\t\t\t\t<\/div>\n\t\t\t\t\t\t<\/div>\n\t\t\t\t\t<\/div>\n\t\t<\/div>\n\t\t\t\t<div class=\"elementor-column elementor-col-25 elementor-top-column elementor-element elementor-element-5dceb92\" data-id=\"5dceb92\" data-element_type=\"column\">\n\t\t\t<div class=\"elementor-column-wrap elementor-element-populated\">\n\t\t\t\t\t\t\t<div class=\"elementor-widget-wrap\">\n\t\t\t\t\t\t<div class=\"elementor-element elementor-element-2779f3f elementor-widget elementor-widget-htmega-scrollimage-addons\" data-id=\"2779f3f\" data-element_type=\"widget\" data-widget_type=\"htmega-scrollimage-addons.default\">\n\t\t\t\t<div class=\"elementor-widget-container\">\n\t\t\t            <a href=\"http:\/\/www.onkosol.com.br\/\" target=\"_blank\" >\r\n                <div class=\"ht-scroll-image\">\r\n                                        <div class=\"thumb\" style=\"background-image: url(https:\/\/catarinapropamarketing.com.br\/wp-content\/uploads\/2022\/11\/screencapture-onkosol-br-index-html-2022-09-23-17_23_18-538x1024.png);\" ><\/div>\r\n                <\/div>                        \r\n            <\/a>                    \r\n        \t\t<\/div>\n\t\t\t\t<\/div>\n\t\t\t\t<div class=\"elementor-element elementor-element-c79436c elementor-widget elementor-widget-heading\" data-id=\"c79436c\" data-element_type=\"widget\" data-widget_type=\"heading.default\">\n\t\t\t\t<div class=\"elementor-widget-container\">\n\t\t\t<h4 class=\"elementor-heading-title elementor-size-default\">OnkoSol<\/h4>\t\t<\/div>\n\t\t\t\t<\/div>\n\t\t\t\t\t\t<\/div>\n\t\t\t\t\t<\/div>\n\t\t<\/div>\n\t\t\t\t<div class=\"elementor-column elementor-col-25 elementor-top-column elementor-element elementor-element-9c4fff5\" data-id=\"9c4fff5\" data-element_type=\"column\">\n\t\t\t<div class=\"elementor-column-wrap elementor-element-populated\">\n\t\t\t\t\t\t\t<div class=\"elementor-widget-wrap\">\n\t\t\t\t\t\t<div class=\"elementor-element elementor-element-800a8b4 elementor-widget elementor-widget-htmega-scrollimage-addons\" data-id=\"800a8b4\" data-element_type=\"widget\" data-widget_type=\"htmega-scrollimage-addons.default\">\n\t\t\t\t<div class=\"elementor-widget-container\">\n\t\t\t            <a href=\"http:\/\/www.hienaservicos.com.br\/\" target=\"_blank\" >\r\n                <div class=\"ht-scroll-image\">\r\n                                        <div class=\"thumb\" style=\"background-image: url(https:\/\/catarinapropamarketing.com.br\/wp-content\/uploads\/2022\/07\/Mockup-Hiena-04-1024x768.png);\" ><\/div>\r\n                <\/div>                        \r\n            <\/a>                    \r\n        \t\t<\/div>\n\t\t\t\t<\/div>\n\t\t\t\t<div class=\"elementor-element elementor-element-fec7cae elementor-widget elementor-widget-heading\" data-id=\"fec7cae\" data-element_type=\"widget\" data-widget_type=\"heading.default\">\n\t\t\t\t<div class=\"elementor-widget-container\">\n\t\t\t<h4 class=\"elementor-heading-title elementor-size-default\">Hiena Servi\u00e7os<\/h4>\t\t<\/div>\n\t\t\t\t<\/div>\n\t\t\t\t\t\t<\/div>\n\t\t\t\t\t<\/div>\n\t\t<\/div>\n\t\t\t\t\t\t\t\t<\/div>\n\t\t\t\t\t<\/div>\n\t\t<\/section>\n\t\t\t\t<section class=\"elementor-section elementor-top-section elementor-element elementor-element-0d6eb98 elementor-section-boxed elementor-section-height-default elementor-section-height-default\" data-id=\"0d6eb98\" data-element_type=\"section\">\n\t\t\t\t\t\t<div class=\"elementor-container elementor-column-gap-default\">\n\t\t\t\t\t\t\t<div class=\"elementor-row\">\n\t\t\t\t\t<div class=\"elementor-column elementor-col-100 elementor-top-column elementor-element elementor-element-4824452\" data-id=\"4824452\" data-element_type=\"column\">\n\t\t\t<div class=\"elementor-column-wrap elementor-element-populated\">\n\t\t\t\t\t\t\t<div class=\"elementor-widget-wrap\">\n\t\t\t\t\t\t<div class=\"elementor-element elementor-element-26cc368 elementor-widget elementor-widget-text-editor\" data-id=\"26cc368\" data-element_type=\"widget\" data-widget_type=\"text-editor.default\">\n\t\t\t\t<div class=\"elementor-widget-container\">\n\t\t\t\t\t\t\t\t<div class=\"elementor-text-editor elementor-clearfix\">\n\t\t\t\t<center>Acima est\u00e3o alguns sites dos nossos parceiros.<\/center>\t\t\t\t\t<\/div>\n\t\t\t\t\t\t<\/div>\n\t\t\t\t<\/div>\n\t\t\t\t\t\t<\/div>\n\t\t\t\t\t<\/div>\n\t\t<\/div>\n\t\t\t\t\t\t\t\t<\/div>\n\t\t\t\t\t<\/div>\n\t\t<\/section>\n\t\t\t\t<section class=\"elementor-section elementor-top-section elementor-element elementor-element-487a504 elementor-section-boxed elementor-section-height-default elementor-section-height-default\" data-id=\"487a504\" data-element_type=\"section\">\n\t\t\t\t\t\t<div class=\"elementor-container elementor-column-gap-default\">\n\t\t\t\t\t\t\t<div class=\"elementor-row\">\n\t\t\t\t\t<div class=\"elementor-column elementor-col-100 elementor-top-column elementor-element elementor-element-78bd6f4\" data-id=\"78bd6f4\" data-element_type=\"column\">\n\t\t\t<div class=\"elementor-column-wrap elementor-element-populated\">\n\t\t\t\t\t\t\t<div class=\"elementor-widget-wrap\">\n\t\t\t\t\t\t<div class=\"elementor-element elementor-element-d0db107 elementor-align-center elementor-widget elementor-widget-button\" data-id=\"d0db107\" data-element_type=\"widget\" data-widget_type=\"button.default\">\n\t\t\t\t<div class=\"elementor-widget-container\">\n\t\t\t\t\t<div class=\"elementor-button-wrapper\">\n\t\t\t<a href=\"#\" class=\"elementor-button-link elementor-button elementor-size-sm\" role=\"button\">\n\t\t\t\t\t\t<span class=\"elementor-button-content-wrapper\">\n\t\t\t\t\t\t<span class=\"elementor-button-text\">Solicite seu or\u00e7amento<\/span>\n\t\t<\/span>\n\t\t\t\t\t<\/a>\n\t\t<\/div>\n\t\t\t\t<\/div>\n\t\t\t\t<\/div>\n\t\t\t\t\t\t<\/div>\n\t\t\t\t\t<\/div>\n\t\t<\/div>\n\t\t\t\t\t\t\t\t<\/div>\n\t\t\t\t\t<\/div>\n\t\t<\/section>\n\t\t\t\t\t\t\t\t\t<\/div>\n\t\t\t<\/div>\n\t\t\t\t\t<\/div>\n\t\t","protected":false},"excerpt":{"rendered":"<p>Cria\u00e7\u00e3o de Sites Empresas que n\u00e3o tem um site profissional, hoje em dia, est\u00e3o perdendo poderosas ferramentas de marketing digital. Ter um site \u00e9 primordial para seu neg\u00f3cio conseguir espa\u00e7o no digital. \u00c9 a vitrine da sua marca. Imprescind\u00edvel para quem deseja alavancar a credibilidade e o alcance da empresa. Independentemente de seu empreendimento ser &hellip;<\/p>\n<p class=\"read-more\"> <a class=\"\" href=\"https:\/\/catarinapropamarketing.com.br\/index.php\/criacaodesites\/\"> <span class=\"screen-reader-text\">Cria\u00e7\u00e3o de Sites<\/span> Leia mais &raquo;<\/a><\/p>\n","protected":false},"author":2,"featured_media":0,"parent":0,"menu_order":0,"comment_status":"closed","ping_status":"closed","template":"","meta":{"site-sidebar-layout":"no-sidebar","site-content-layout":"page-builder","ast-global-header-display":"","ast-main-header-display":"","ast-hfb-above-header-display":"","ast-hfb-below-header-display":"","ast-hfb-mobile-header-display":"","site-post-title":"disabled","ast-breadcrumbs-content":"","ast-featured-img":"disabled","footer-sml-layout":"","theme-transparent-header-meta":"","adv-header-id-meta":"","stick-header-meta":"","header-above-stick-meta":"","header-main-stick-meta":"","header-below-stick-meta":"","cybocfi_hide_featured_image":""},"yoast_head":"<!-- This site is optimized with the Yoast SEO plugin v20.1 - https:\/\/yoast.com\/wordpress\/plugins\/seo\/ -->\n<title>Cria\u00e7\u00e3o de Sites - Catarina PropaMarketing<\/title>\n<meta name=\"robots\" content=\"index, follow, max-snippet:-1, max-image-preview:large, max-video-preview:-1\" \/>\n<link rel=\"canonical\" href=\"https:\/\/catarinapropamarketing.com.br\/index.php\/criacaodesites\/\" \/>\n<meta property=\"og:locale\" content=\"pt_BR\" \/>\n<meta property=\"og:type\" content=\"article\" \/>\n<meta property=\"og:title\" content=\"Cria\u00e7\u00e3o de Sites - Catarina PropaMarketing\" \/>\n<meta property=\"og:description\" content=\"Cria\u00e7\u00e3o de Sites Empresas que n\u00e3o tem um site profissional, hoje em dia, est\u00e3o perdendo poderosas ferramentas de marketing digital. Ter um site \u00e9 primordial para seu neg\u00f3cio conseguir espa\u00e7o no digital. \u00c9 a vitrine da sua marca. Imprescind\u00edvel para quem deseja alavancar a credibilidade e o alcance da empresa. Independentemente de seu empreendimento ser &hellip; Cria\u00e7\u00e3o de Sites Leia mais &raquo;\" \/>\n<meta property=\"og:url\" content=\"https:\/\/catarinapropamarketing.com.br\/index.php\/criacaodesites\/\" \/>\n<meta property=\"og:site_name\" content=\"Catarina PropaMarketing\" \/>\n<meta property=\"article:modified_time\" content=\"2022-12-15T16:10:35+00:00\" \/>\n<meta name=\"twitter:card\" content=\"summary_large_image\" \/>\n<meta name=\"twitter:label1\" content=\"Est. tempo de leitura\" \/>\n\t<meta name=\"twitter:data1\" content=\"1 minuto\" \/>\n<script type=\"application\/ld+json\" class=\"yoast-schema-graph\">{\"@context\":\"https:\/\/schema.org\",\"@graph\":[{\"@type\":\"WebPage\",\"@id\":\"https:\/\/catarinapropamarketing.com.br\/index.php\/criacaodesites\/\",\"url\":\"https:\/\/catarinapropamarketing.com.br\/index.php\/criacaodesites\/\",\"name\":\"Cria\u00e7\u00e3o de Sites - Catarina PropaMarketing\",\"isPartOf\":{\"@id\":\"https:\/\/catarinapropamarketing.com.br\/#website\"},\"datePublished\":\"2022-10-21T20:18:47+00:00\",\"dateModified\":\"2022-12-15T16:10:35+00:00\",\"breadcrumb\":{\"@id\":\"https:\/\/catarinapropamarketing.com.br\/index.php\/criacaodesites\/#breadcrumb\"},\"inLanguage\":\"pt-BR\",\"potentialAction\":[{\"@type\":\"ReadAction\",\"target\":[\"https:\/\/catarinapropamarketing.com.br\/index.php\/criacaodesites\/\"]}]},{\"@type\":\"BreadcrumbList\",\"@id\":\"https:\/\/catarinapropamarketing.com.br\/index.php\/criacaodesites\/#breadcrumb\",\"itemListElement\":[{\"@type\":\"ListItem\",\"position\":1,\"name\":\"In\u00edcio\",\"item\":\"https:\/\/catarinapropamarketing.com.br\/\"},{\"@type\":\"ListItem\",\"position\":2,\"name\":\"Cria\u00e7\u00e3o de Sites\"}]},{\"@type\":\"WebSite\",\"@id\":\"https:\/\/catarinapropamarketing.com.br\/#website\",\"url\":\"https:\/\/catarinapropamarketing.com.br\/\",\"name\":\"Catarina PropaMarketing\",\"description\":\"Ag\u00eancia de Marketing e Publicidade\",\"publisher\":{\"@id\":\"https:\/\/catarinapropamarketing.com.br\/#organization\"},\"potentialAction\":[{\"@type\":\"SearchAction\",\"target\":{\"@type\":\"EntryPoint\",\"urlTemplate\":\"https:\/\/catarinapropamarketing.com.br\/?s={search_term_string}\"},\"query-input\":\"required name=search_term_string\"}],\"inLanguage\":\"pt-BR\"},{\"@type\":\"Organization\",\"@id\":\"https:\/\/catarinapropamarketing.com.br\/#organization\",\"name\":\"Catarina PropaMarketing\",\"url\":\"https:\/\/catarinapropamarketing.com.br\/\",\"logo\":{\"@type\":\"ImageObject\",\"inLanguage\":\"pt-BR\",\"@id\":\"https:\/\/catarinapropamarketing.com.br\/#\/schema\/logo\/image\/\",\"url\":\"https:\/\/catarinapropamarketing.com.br\/wp-content\/uploads\/2022\/07\/EstrelaCatarinaPropaMarketing-1.png\",\"contentUrl\":\"https:\/\/catarinapropamarketing.com.br\/wp-content\/uploads\/2022\/07\/EstrelaCatarinaPropaMarketing-1.png\",\"width\":180,\"height\":180,\"caption\":\"Catarina PropaMarketing\"},\"image\":{\"@id\":\"https:\/\/catarinapropamarketing.com.br\/#\/schema\/logo\/image\/\"}}]}<\/script>\n<!-- \/ Yoast SEO plugin. -->","yoast_head_json":{"title":"Cria\u00e7\u00e3o de Sites - Catarina PropaMarketing","robots":{"index":"index","follow":"follow","max-snippet":"max-snippet:-1","max-image-preview":"max-image-preview:large","max-video-preview":"max-video-preview:-1"},"canonical":"https:\/\/catarinapropamarketing.com.br\/index.php\/criacaodesites\/","og_locale":"pt_BR","og_type":"article","og_title":"Cria\u00e7\u00e3o de Sites - Catarina PropaMarketing","og_description":"Cria\u00e7\u00e3o de Sites Empresas que n\u00e3o tem um site profissional, hoje em dia, est\u00e3o perdendo poderosas ferramentas de marketing digital. Ter um site \u00e9 primordial para seu neg\u00f3cio conseguir espa\u00e7o no digital. \u00c9 a vitrine da sua marca. Imprescind\u00edvel para quem deseja alavancar a credibilidade e o alcance da empresa. Independentemente de seu empreendimento ser &hellip; Cria\u00e7\u00e3o de Sites Leia mais &raquo;","og_url":"https:\/\/catarinapropamarketing.com.br\/index.php\/criacaodesites\/","og_site_name":"Catarina PropaMarketing","article_modified_time":"2022-12-15T16:10:35+00:00","twitter_card":"summary_large_image","twitter_misc":{"Est. tempo de leitura":"1 minuto"},"schema":{"@context":"https:\/\/schema.org","@graph":[{"@type":"WebPage","@id":"https:\/\/catarinapropamarketing.com.br\/index.php\/criacaodesites\/","url":"https:\/\/catarinapropamarketing.com.br\/index.php\/criacaodesites\/","name":"Cria\u00e7\u00e3o de Sites - Catarina PropaMarketing","isPartOf":{"@id":"https:\/\/catarinapropamarketing.com.br\/#website"},"datePublished":"2022-10-21T20:18:47+00:00","dateModified":"2022-12-15T16:10:35+00:00","breadcrumb":{"@id":"https:\/\/catarinapropamarketing.com.br\/index.php\/criacaodesites\/#breadcrumb"},"inLanguage":"pt-BR","potentialAction":[{"@type":"ReadAction","target":["https:\/\/catarinapropamarketing.com.br\/index.php\/criacaodesites\/"]}]},{"@type":"BreadcrumbList","@id":"https:\/\/catarinapropamarketing.com.br\/index.php\/criacaodesites\/#breadcrumb","itemListElement":[{"@type":"ListItem","position":1,"name":"In\u00edcio","item":"https:\/\/catarinapropamarketing.com.br\/"},{"@type":"ListItem","position":2,"name":"Cria\u00e7\u00e3o de Sites"}]},{"@type":"WebSite","@id":"https:\/\/catarinapropamarketing.com.br\/#website","url":"https:\/\/catarinapropamarketing.com.br\/","name":"Catarina PropaMarketing","description":"Ag\u00eancia de Marketing e Publicidade","publisher":{"@id":"https:\/\/catarinapropamarketing.com.br\/#organization"},"potentialAction":[{"@type":"SearchAction","target":{"@type":"EntryPoint","urlTemplate":"https:\/\/catarinapropamarketing.com.br\/?s={search_term_string}"},"query-input":"required name=search_term_string"}],"inLanguage":"pt-BR"},{"@type":"Organization","@id":"https:\/\/catarinapropamarketing.com.br\/#organization","name":"Catarina PropaMarketing","url":"https:\/\/catarinapropamarketing.com.br\/","logo":{"@type":"ImageObject","inLanguage":"pt-BR","@id":"https:\/\/catarinapropamarketing.com.br\/#\/schema\/logo\/image\/","url":"https:\/\/catarinapropamarketing.com.br\/wp-content\/uploads\/2022\/07\/EstrelaCatarinaPropaMarketing-1.png","contentUrl":"https:\/\/catarinapropamarketing.com.br\/wp-content\/uploads\/2022\/07\/EstrelaCatarinaPropaMarketing-1.png","width":180,"height":180,"caption":"Catarina PropaMarketing"},"image":{"@id":"https:\/\/catarinapropamarketing.com.br\/#\/schema\/logo\/image\/"}}]}},"_links":{"self":[{"href":"https:\/\/catarinapropamarketing.com.br\/index.php\/wp-json\/wp\/v2\/pages\/26409"}],"collection":[{"href":"https:\/\/catarinapropamarketing.com.br\/index.php\/wp-json\/wp\/v2\/pages"}],"about":[{"href":"https:\/\/catarinapropamarketing.com.br\/index.php\/wp-json\/wp\/v2\/types\/page"}],"author":[{"embeddable":true,"href":"https:\/\/catarinapropamarketing.com.br\/index.php\/wp-json\/wp\/v2\/users\/2"}],"replies":[{"embeddable":true,"href":"https:\/\/catarinapropamarketing.com.br\/index.php\/wp-json\/wp\/v2\/comments?post=26409"}],"version-history":[{"count":45,"href":"https:\/\/catarinapropamarketing.com.br\/index.php\/wp-json\/wp\/v2\/pages\/26409\/revisions"}],"predecessor-version":[{"id":26654,"href":"https:\/\/catarinapropamarketing.com.br\/index.php\/wp-json\/wp\/v2\/pages\/26409\/revisions\/26654"}],"wp:attachment":[{"href":"https:\/\/catarinapropamarketing.com.br\/index.php\/wp-json\/wp\/v2\/media?parent=26409"}],"curies":[{"name":"wp","href":"https:\/\/api.w.org\/{rel}","templated":true}]}}