{"id":26415,"date":"2022-10-21T17:20:56","date_gmt":"2022-10-21T20:20:56","guid":{"rendered":"https:\/\/catarinapropamarketing.com.br\/?page_id=26415"},"modified":"2023-01-06T17:45:06","modified_gmt":"2023-01-06T20:45:06","slug":"impressos","status":"publish","type":"page","link":"https:\/\/catarinapropamarketing.com.br\/index.php\/impressos\/","title":{"rendered":"Produ\u00e7\u00e3o gr\u00e1fica"},"content":{"rendered":"\t\t<div data-elementor-type=\"wp-page\" data-elementor-id=\"26415\" class=\"elementor elementor-26415\">\n\t\t\t\t\t\t<div class=\"elementor-inner\">\n\t\t\t\t<div class=\"elementor-section-wrap\">\n\t\t\t\t\t\t\t\t\t<section class=\"elementor-section elementor-top-section elementor-element elementor-element-493fc9b elementor-section-boxed elementor-section-height-default elementor-section-height-default\" data-id=\"493fc9b\" data-element_type=\"section\">\n\t\t\t\t\t\t<div class=\"elementor-container elementor-column-gap-default\">\n\t\t\t\t\t\t\t<div class=\"elementor-row\">\n\t\t\t\t\t<div class=\"elementor-column elementor-col-100 elementor-top-column elementor-element elementor-element-989da60\" data-id=\"989da60\" data-element_type=\"column\">\n\t\t\t<div class=\"elementor-column-wrap elementor-element-populated\">\n\t\t\t\t\t\t\t<div class=\"elementor-widget-wrap\">\n\t\t\t\t\t\t<div class=\"elementor-element elementor-element-6b5d74b elementor-widget elementor-widget-heading\" data-id=\"6b5d74b\" data-element_type=\"widget\" data-widget_type=\"heading.default\">\n\t\t\t\t<div class=\"elementor-widget-container\">\n\t\t\t<h2 class=\"elementor-heading-title elementor-size-default\">Impressos<\/h2>\t\t<\/div>\n\t\t\t\t<\/div>\n\t\t\t\t\t\t<\/div>\n\t\t\t\t\t<\/div>\n\t\t<\/div>\n\t\t\t\t\t\t\t\t<\/div>\n\t\t\t\t\t<\/div>\n\t\t<\/section>\n\t\t\t\t<section class=\"elementor-section elementor-top-section elementor-element elementor-element-b2a39bc elementor-section-boxed elementor-section-height-default elementor-section-height-default\" data-id=\"b2a39bc\" data-element_type=\"section\">\n\t\t\t\t\t\t<div class=\"elementor-container elementor-column-gap-default\">\n\t\t\t\t\t\t\t<div class=\"elementor-row\">\n\t\t\t\t\t<div class=\"elementor-column elementor-col-100 elementor-top-column elementor-element elementor-element-52c1e8e\" data-id=\"52c1e8e\" data-element_type=\"column\">\n\t\t\t<div class=\"elementor-column-wrap elementor-element-populated\">\n\t\t\t\t\t\t\t<div class=\"elementor-widget-wrap\">\n\t\t\t\t\t\t<div class=\"elementor-element elementor-element-204b10e elementor-widget elementor-widget-spacer\" data-id=\"204b10e\" data-element_type=\"widget\" data-widget_type=\"spacer.default\">\n\t\t\t\t<div class=\"elementor-widget-container\">\n\t\t\t\t\t<div class=\"elementor-spacer\">\n\t\t\t<div class=\"elementor-spacer-inner\"><\/div>\n\t\t<\/div>\n\t\t\t\t<\/div>\n\t\t\t\t<\/div>\n\t\t\t\t\t\t<\/div>\n\t\t\t\t\t<\/div>\n\t\t<\/div>\n\t\t\t\t\t\t\t\t<\/div>\n\t\t\t\t\t<\/div>\n\t\t<\/section>\n\t\t\t\t<section class=\"elementor-section elementor-top-section elementor-element elementor-element-a89904e elementor-section-boxed elementor-section-height-default elementor-section-height-default\" data-id=\"a89904e\" data-element_type=\"section\">\n\t\t\t\t\t\t<div class=\"elementor-container elementor-column-gap-default\">\n\t\t\t\t\t\t\t<div class=\"elementor-row\">\n\t\t\t\t\t<div class=\"elementor-column elementor-col-100 elementor-top-column elementor-element elementor-element-6ee7b25\" data-id=\"6ee7b25\" data-element_type=\"column\">\n\t\t\t<div class=\"elementor-column-wrap\">\n\t\t\t\t\t\t\t<div class=\"elementor-widget-wrap\">\n\t\t\t\t\t\t\t\t<\/div>\n\t\t\t\t\t<\/div>\n\t\t<\/div>\n\t\t\t\t\t\t\t\t<\/div>\n\t\t\t\t\t<\/div>\n\t\t<\/section>\n\t\t\t\t\t\t\t\t\t<\/div>\n\t\t\t<\/div>\n\t\t\t\t\t<\/div>\n\t\t","protected":false},"excerpt":{"rendered":"<p>Impressos<\/p>\n","protected":false},"author":2,"featured_media":0,"parent":0,"menu_order":0,"comment_status":"closed","ping_status":"closed","template":"","meta":{"site-sidebar-layout":"no-sidebar","site-content-layout":"page-builder","ast-global-header-display":"","ast-main-header-display":"","ast-hfb-above-header-display":"","ast-hfb-below-header-display":"","ast-hfb-mobile-header-display":"","site-post-title":"disabled","ast-breadcrumbs-content":"","ast-featured-img":"disabled","footer-sml-layout":"","theme-transparent-header-meta":"","adv-header-id-meta":"","stick-header-meta":"","header-above-stick-meta":"","header-main-stick-meta":"","header-below-stick-meta":"","cybocfi_hide_featured_image":""},"yoast_head":"<!-- This site is optimized with the Yoast SEO plugin v20.1 - https:\/\/yoast.com\/wordpress\/plugins\/seo\/ -->\n<title>Produ\u00e7\u00e3o gr\u00e1fica - Catarina PropaMarketing<\/title>\n<meta name=\"robots\" content=\"index, follow, max-snippet:-1, max-image-preview:large, max-video-preview:-1\" \/>\n<link rel=\"canonical\" href=\"https:\/\/catarinapropamarketing.com.br\/index.php\/impressos\/\" \/>\n<meta property=\"og:locale\" content=\"pt_BR\" \/>\n<meta property=\"og:type\" content=\"article\" \/>\n<meta property=\"og:title\" content=\"Produ\u00e7\u00e3o gr\u00e1fica - Catarina PropaMarketing\" \/>\n<meta property=\"og:description\" content=\"Impressos\" \/>\n<meta property=\"og:url\" content=\"https:\/\/catarinapropamarketing.com.br\/index.php\/impressos\/\" \/>\n<meta property=\"og:site_name\" content=\"Catarina PropaMarketing\" \/>\n<meta property=\"article:modified_time\" content=\"2023-01-06T20:45:06+00:00\" \/>\n<meta name=\"twitter:card\" content=\"summary_large_image\" \/>\n<meta name=\"twitter:label1\" content=\"Est. tempo de leitura\" \/>\n\t<meta name=\"twitter:data1\" content=\"1 minuto\" \/>\n<script type=\"application\/ld+json\" class=\"yoast-schema-graph\">{\"@context\":\"https:\/\/schema.org\",\"@graph\":[{\"@type\":\"WebPage\",\"@id\":\"https:\/\/catarinapropamarketing.com.br\/index.php\/impressos\/\",\"url\":\"https:\/\/catarinapropamarketing.com.br\/index.php\/impressos\/\",\"name\":\"Produ\u00e7\u00e3o gr\u00e1fica - Catarina PropaMarketing\",\"isPartOf\":{\"@id\":\"https:\/\/catarinapropamarketing.com.br\/#website\"},\"datePublished\":\"2022-10-21T20:20:56+00:00\",\"dateModified\":\"2023-01-06T20:45:06+00:00\",\"breadcrumb\":{\"@id\":\"https:\/\/catarinapropamarketing.com.br\/index.php\/impressos\/#breadcrumb\"},\"inLanguage\":\"pt-BR\",\"potentialAction\":[{\"@type\":\"ReadAction\",\"target\":[\"https:\/\/catarinapropamarketing.com.br\/index.php\/impressos\/\"]}]},{\"@type\":\"BreadcrumbList\",\"@id\":\"https:\/\/catarinapropamarketing.com.br\/index.php\/impressos\/#breadcrumb\",\"itemListElement\":[{\"@type\":\"ListItem\",\"position\":1,\"name\":\"In\u00edcio\",\"item\":\"https:\/\/catarinapropamarketing.com.br\/\"},{\"@type\":\"ListItem\",\"position\":2,\"name\":\"Produ\u00e7\u00e3o gr\u00e1fica\"}]},{\"@type\":\"WebSite\",\"@id\":\"https:\/\/catarinapropamarketing.com.br\/#website\",\"url\":\"https:\/\/catarinapropamarketing.com.br\/\",\"name\":\"Catarina PropaMarketing\",\"description\":\"Ag\u00eancia de Marketing e Publicidade\",\"publisher\":{\"@id\":\"https:\/\/catarinapropamarketing.com.br\/#organization\"},\"potentialAction\":[{\"@type\":\"SearchAction\",\"target\":{\"@type\":\"EntryPoint\",\"urlTemplate\":\"https:\/\/catarinapropamarketing.com.br\/?s={search_term_string}\"},\"query-input\":\"required name=search_term_string\"}],\"inLanguage\":\"pt-BR\"},{\"@type\":\"Organization\",\"@id\":\"https:\/\/catarinapropamarketing.com.br\/#organization\",\"name\":\"Catarina PropaMarketing\",\"url\":\"https:\/\/catarinapropamarketing.com.br\/\",\"logo\":{\"@type\":\"ImageObject\",\"inLanguage\":\"pt-BR\",\"@id\":\"https:\/\/catarinapropamarketing.com.br\/#\/schema\/logo\/image\/\",\"url\":\"https:\/\/catarinapropamarketing.com.br\/wp-content\/uploads\/2022\/07\/EstrelaCatarinaPropaMarketing-1.png\",\"contentUrl\":\"https:\/\/catarinapropamarketing.com.br\/wp-content\/uploads\/2022\/07\/EstrelaCatarinaPropaMarketing-1.png\",\"width\":180,\"height\":180,\"caption\":\"Catarina PropaMarketing\"},\"image\":{\"@id\":\"https:\/\/catarinapropamarketing.com.br\/#\/schema\/logo\/image\/\"}}]}<\/script>\n<!-- \/ Yoast SEO plugin. -->","yoast_head_json":{"title":"Produ\u00e7\u00e3o gr\u00e1fica - Catarina PropaMarketing","robots":{"index":"index","follow":"follow","max-snippet":"max-snippet:-1","max-image-preview":"max-image-preview:large","max-video-preview":"max-video-preview:-1"},"canonical":"https:\/\/catarinapropamarketing.com.br\/index.php\/impressos\/","og_locale":"pt_BR","og_type":"article","og_title":"Produ\u00e7\u00e3o gr\u00e1fica - Catarina PropaMarketing","og_description":"Impressos","og_url":"https:\/\/catarinapropamarketing.com.br\/index.php\/impressos\/","og_site_name":"Catarina PropaMarketing","article_modified_time":"2023-01-06T20:45:06+00:00","twitter_card":"summary_large_image","twitter_misc":{"Est. tempo de leitura":"1 minuto"},"schema":{"@context":"https:\/\/schema.org","@graph":[{"@type":"WebPage","@id":"https:\/\/catarinapropamarketing.com.br\/index.php\/impressos\/","url":"https:\/\/catarinapropamarketing.com.br\/index.php\/impressos\/","name":"Produ\u00e7\u00e3o gr\u00e1fica - Catarina PropaMarketing","isPartOf":{"@id":"https:\/\/catarinapropamarketing.com.br\/#website"},"datePublished":"2022-10-21T20:20:56+00:00","dateModified":"2023-01-06T20:45:06+00:00","breadcrumb":{"@id":"https:\/\/catarinapropamarketing.com.br\/index.php\/impressos\/#breadcrumb"},"inLanguage":"pt-BR","potentialAction":[{"@type":"ReadAction","target":["https:\/\/catarinapropamarketing.com.br\/index.php\/impressos\/"]}]},{"@type":"BreadcrumbList","@id":"https:\/\/catarinapropamarketing.com.br\/index.php\/impressos\/#breadcrumb","itemListElement":[{"@type":"ListItem","position":1,"name":"In\u00edcio","item":"https:\/\/catarinapropamarketing.com.br\/"},{"@type":"ListItem","position":2,"name":"Produ\u00e7\u00e3o gr\u00e1fica"}]},{"@type":"WebSite","@id":"https:\/\/catarinapropamarketing.com.br\/#website","url":"https:\/\/catarinapropamarketing.com.br\/","name":"Catarina PropaMarketing","description":"Ag\u00eancia de Marketing e Publicidade","publisher":{"@id":"https:\/\/catarinapropamarketing.com.br\/#organization"},"potentialAction":[{"@type":"SearchAction","target":{"@type":"EntryPoint","urlTemplate":"https:\/\/catarinapropamarketing.com.br\/?s={search_term_string}"},"query-input":"required name=search_term_string"}],"inLanguage":"pt-BR"},{"@type":"Organization","@id":"https:\/\/catarinapropamarketing.com.br\/#organization","name":"Catarina PropaMarketing","url":"https:\/\/catarinapropamarketing.com.br\/","logo":{"@type":"ImageObject","inLanguage":"pt-BR","@id":"https:\/\/catarinapropamarketing.com.br\/#\/schema\/logo\/image\/","url":"https:\/\/catarinapropamarketing.com.br\/wp-content\/uploads\/2022\/07\/EstrelaCatarinaPropaMarketing-1.png","contentUrl":"https:\/\/catarinapropamarketing.com.br\/wp-content\/uploads\/2022\/07\/EstrelaCatarinaPropaMarketing-1.png","width":180,"height":180,"caption":"Catarina PropaMarketing"},"image":{"@id":"https:\/\/catarinapropamarketing.com.br\/#\/schema\/logo\/image\/"}}]}},"_links":{"self":[{"href":"https:\/\/catarinapropamarketing.com.br\/index.php\/wp-json\/wp\/v2\/pages\/26415"}],"collection":[{"href":"https:\/\/catarinapropamarketing.com.br\/index.php\/wp-json\/wp\/v2\/pages"}],"about":[{"href":"https:\/\/catarinapropamarketing.com.br\/index.php\/wp-json\/wp\/v2\/types\/page"}],"author":[{"embeddable":true,"href":"https:\/\/catarinapropamarketing.com.br\/index.php\/wp-json\/wp\/v2\/users\/2"}],"replies":[{"embeddable":true,"href":"https:\/\/catarinapropamarketing.com.br\/index.php\/wp-json\/wp\/v2\/comments?post=26415"}],"version-history":[{"count":9,"href":"https:\/\/catarinapropamarketing.com.br\/index.php\/wp-json\/wp\/v2\/pages\/26415\/revisions"}],"predecessor-version":[{"id":26643,"href":"https:\/\/catarinapropamarketing.com.br\/index.php\/wp-json\/wp\/v2\/pages\/26415\/revisions\/26643"}],"wp:attachment":[{"href":"https:\/\/catarinapropamarketing.com.br\/index.php\/wp-json\/wp\/v2\/media?parent=26415"}],"curies":[{"name":"wp","href":"https:\/\/api.w.org\/{rel}","templated":true}]}}